{"id":122,"date":"2024-10-09T23:22:50","date_gmt":"2024-10-09T21:22:50","guid":{"rendered":"https:\/\/borgorattiapartment.it\/?page_id=122"},"modified":"2024-10-09T23:48:57","modified_gmt":"2024-10-09T21:48:57","slug":"apartment","status":"publish","type":"page","link":"https:\/\/borgorattiapartment.it\/?page_id=122","title":{"rendered":"Apartment"},"content":{"rendered":"\n<div class=\"wp-block-group alignfull has-global-padding is-layout-constrained wp-block-group-is-layout-constrained\">\n<div class=\"wp-block-cover alignfull\" style=\"margin-top:-50px;padding-top:var(--wp--preset--spacing--30);padding-right:var(--wp--preset--spacing--30);padding-bottom:var(--wp--preset--spacing--30);padding-left:var(--wp--preset--spacing--30);min-height:50px;aspect-ratio:unset;\"><span aria-hidden=\"true\" class=\"wp-block-cover__background has-black-background-color has-background-dim-60 has-background-dim\"><\/span><img loading=\"lazy\" decoding=\"async\" width=\"2560\" height=\"1920\" class=\"wp-block-cover__image-background wp-image-51\" alt=\"\" src=\"http:\/\/borgorattiapartment.it\/wp-content\/uploads\/2024\/10\/IMG_2795-2-scaled.jpg\" style=\"object-position:47% 22%\" data-object-fit=\"cover\" data-object-position=\"47% 22%\" srcset=\"https:\/\/borgorattiapartment.it\/wp-content\/uploads\/2024\/10\/IMG_2795-2-scaled.jpg 2560w, https:\/\/borgorattiapartment.it\/wp-content\/uploads\/2024\/10\/IMG_2795-2-300x225.jpg 300w, https:\/\/borgorattiapartment.it\/wp-content\/uploads\/2024\/10\/IMG_2795-2-1024x768.jpg 1024w, https:\/\/borgorattiapartment.it\/wp-content\/uploads\/2024\/10\/IMG_2795-2-768x576.jpg 768w, https:\/\/borgorattiapartment.it\/wp-content\/uploads\/2024\/10\/IMG_2795-2-1536x1152.jpg 1536w, https:\/\/borgorattiapartment.it\/wp-content\/uploads\/2024\/10\/IMG_2795-2-2048x1536.jpg 2048w\" sizes=\"auto, (max-width: 2560px) 100vw, 2560px\" \/><div class=\"wp-block-cover__inner-container is-layout-flow wp-block-cover-is-layout-flow\">\n<div class=\"wp-block-group alignwide has-base-color has-text-color has-link-color wp-elements-4aba18b59689c9e16c24b1573e87e718 is-content-justification-space-between is-layout-flex wp-container-core-group-is-layout-00d83bee wp-block-group-is-layout-flex\" style=\"margin-top:0;margin-bottom:0;padding-right:var(--wp--preset--spacing--50);padding-left:var(--wp--preset--spacing--50)\">\n<div class=\"wp-block-group is-layout-flex wp-block-group-is-layout-flex\"><div class=\"is-style-default wp-block-site-logo wp-duotone-grayscale\"><a href=\"https:\/\/borgorattiapartment.it\/\" class=\"custom-logo-link\" rel=\"home\"><img loading=\"lazy\" decoding=\"async\" width=\"181\" height=\"181\" src=\"https:\/\/borgorattiapartment.it\/wp-content\/uploads\/2024\/10\/Logo-500x500-px.png\" class=\"custom-logo\" alt=\"\" srcset=\"https:\/\/borgorattiapartment.it\/wp-content\/uploads\/2024\/10\/Logo-500x500-px.png 1000w, https:\/\/borgorattiapartment.it\/wp-content\/uploads\/2024\/10\/Logo-500x500-px-300x300.png 300w, https:\/\/borgorattiapartment.it\/wp-content\/uploads\/2024\/10\/Logo-500x500-px-150x150.png 150w, https:\/\/borgorattiapartment.it\/wp-content\/uploads\/2024\/10\/Logo-500x500-px-768x768.png 768w\" sizes=\"auto, (max-width: 181px) 100vw, 181px\" \/><\/a><\/div>\n\n<\/div>\n\n\n<nav class=\"has-text-color has-white-color is-responsive items-justified-right wp-block-navigation is-content-justification-right is-layout-flex wp-container-core-navigation-is-layout-f665d2b5 wp-block-navigation-is-layout-flex\" aria-label=\"Navigazione\" \n\t\t data-wp-interactive=\"core\/navigation\" data-wp-context='{\"overlayOpenedBy\":{\"click\":false,\"hover\":false,\"focus\":false},\"type\":\"overlay\",\"roleAttribute\":\"\",\"ariaLabel\":\"Menu\"}'><button aria-haspopup=\"dialog\" aria-label=\"Apri menu\" class=\"wp-block-navigation__responsive-container-open\" \n\t\t\t\tdata-wp-on--click=\"actions.openMenuOnClick\"\n\t\t\t\tdata-wp-on--keydown=\"actions.handleMenuKeydown\"\n\t\t\t><svg width=\"24\" height=\"24\" xmlns=\"http:\/\/www.w3.org\/2000\/svg\" viewBox=\"0 0 24 24\" aria-hidden=\"true\" focusable=\"false\"><path d=\"M4 7.5h16v1.5H4z\"><\/path><path d=\"M4 15h16v1.5H4z\"><\/path><\/svg><\/button>\n\t\t\t\t<div class=\"wp-block-navigation__responsive-container  has-background has-contrast-background-color\"  id=\"modal-1\" \n\t\t\t\tdata-wp-class--has-modal-open=\"state.isMenuOpen\"\n\t\t\t\tdata-wp-class--is-menu-open=\"state.isMenuOpen\"\n\t\t\t\tdata-wp-watch=\"callbacks.initMenu\"\n\t\t\t\tdata-wp-on--keydown=\"actions.handleMenuKeydown\"\n\t\t\t\tdata-wp-on--focusout=\"actions.handleMenuFocusout\"\n\t\t\t\ttabindex=\"-1\"\n\t\t\t>\n\t\t\t\t\t<div class=\"wp-block-navigation__responsive-close\" tabindex=\"-1\">\n\t\t\t\t\t\t<div class=\"wp-block-navigation__responsive-dialog\" \n\t\t\t\tdata-wp-bind--aria-modal=\"state.ariaModal\"\n\t\t\t\tdata-wp-bind--aria-label=\"state.ariaLabel\"\n\t\t\t\tdata-wp-bind--role=\"state.roleAttribute\"\n\t\t\t>\n\t\t\t\t\t\t\t<button aria-label=\"Chiudi menu\" class=\"wp-block-navigation__responsive-container-close\" \n\t\t\t\tdata-wp-on--click=\"actions.closeMenuOnClick\"\n\t\t\t><svg xmlns=\"http:\/\/www.w3.org\/2000\/svg\" viewBox=\"0 0 24 24\" width=\"24\" height=\"24\" aria-hidden=\"true\" focusable=\"false\"><path d=\"m13.06 12 6.47-6.47-1.06-1.06L12 10.94 5.53 4.47 4.47 5.53 10.94 12l-6.47 6.47 1.06 1.06L12 13.06l6.47 6.47 1.06-1.06L13.06 12Z\"><\/path><\/svg><\/button>\n\t\t\t\t\t\t\t<div class=\"wp-block-navigation__responsive-container-content\" \n\t\t\t\tdata-wp-watch=\"callbacks.focusFirstElement\"\n\t\t\t id=\"modal-1-content\">\n\t\t\t\t\t\t\t\t<ul class=\"wp-block-navigation__container has-text-color has-white-color is-responsive items-justified-right wp-block-navigation\"><li class=\" wp-block-navigation-item wp-block-navigation-link\"><a class=\"wp-block-navigation-item__content\"  href=\"https:\/\/borgorattiapartment.it\"><span class=\"wp-block-navigation-item__label\">Home<\/span><\/a><\/li><li class=\" wp-block-navigation-item wp-block-navigation-link\"><a class=\"wp-block-navigation-item__content\"  href=\"https:\/\/borgorattiapartment.it\/?page_id=105\"><span class=\"wp-block-navigation-item__label\">Gallery<\/span><\/a><\/li><li class=\" wp-block-navigation-item wp-block-navigation-link\"><a class=\"wp-block-navigation-item__content\"  href=\"https:\/\/borgorattiapartment.it\/?page_id=122\"><span class=\"wp-block-navigation-item__label\">Apartment<\/span><\/a><\/li><li class=\" wp-block-navigation-item wp-block-navigation-link\"><a class=\"wp-block-navigation-item__content\"  href=\"https:\/\/borgorattiapartment.it\/?page_id=125\"><span class=\"wp-block-navigation-item__label\">Contact<\/span><\/a><\/li><\/ul>\n<div class=\"wp-block-buttons is-layout-flex wp-block-buttons-is-layout-flex\">\n<div class=\"wp-block-button is-style-fill\"><a class=\"wp-block-button__link has-base-color has-contrast-background-color has-text-color has-background has-link-color wp-element-button\" style=\"border-radius:33px\">BOOK<\/a><\/div>\n<\/div>\n\n\t\t\t\t\t\t\t<\/div>\n\t\t\t\t\t\t<\/div>\n\t\t\t\t\t<\/div>\n\t\t\t\t<\/div><\/nav><\/div>\n\n\n\n<div style=\"height:199px\" aria-hidden=\"true\" class=\"wp-block-spacer\"><\/div>\n<\/div><\/div>\n\n\n\n<div class=\"wp-block-group alignfull is-layout-flow wp-block-group-is-layout-flow\" style=\"padding-top:6vw;padding-right:6vw;padding-bottom:6vw;padding-left:6vw\">\n<div class=\"wp-block-group is-vertical is-nowrap is-layout-flex wp-container-core-group-is-layout-36fd9ea3 wp-block-group-is-layout-flex\" style=\"padding-right:0;padding-left:0\">\n<h6 class=\"wp-block-heading has-text-color\" id=\"ecosystem\" style=\"color:#000000;font-size:clamp(14px, 0.875rem + ((1vw - 3.2px) * 0.227), 16px);\">Le caratteristiche dell&#8217;appartamento<\/h6>\n\n\n\n<p class=\"has-text-color\" style=\"color:#000000;font-size:6vw;font-style:normal;font-weight:700;letter-spacing:0px;line-height:0.9;text-decoration:none;text-transform:none\">Borgoratti Apartment<\/p>\n<\/div>\n\n\n\n<div style=\"height:1vw\" aria-hidden=\"true\" class=\"wp-block-spacer\"><\/div>\n\n\n\n<div class=\"wp-block-group alignwide is-vertical is-nowrap is-layout-flex wp-container-core-group-is-layout-7946b6b8 wp-block-group-is-layout-flex\" style=\"padding-top:0;padding-right:0;padding-bottom:0;padding-left:0\">\n<div class=\"wp-block-columns alignwide is-layout-flex wp-container-core-columns-is-layout-21b20327 wp-block-columns-is-layout-flex\">\n<div class=\"wp-block-column is-layout-flow wp-block-column-is-layout-flow\" style=\"flex-basis:33.38%\">\n<p class=\"has-text-color\" style=\"color:#000000;font-size:clamp(14px, 0.875rem + ((1vw - 3.2px) * 0.341), 17px);\">L\u2019appartamento si apre sulla zona giorno, arredata con un confortevole divano rivolto verso una parete su cui \u00e8 installata una smart TV HD. La TV offre accesso a servizi di streaming come Netflix, Prime Video, Disney Plus e altri. Accanto si trova un cucinino attrezzato con tutti i comfort, tra cui forno, bollitore, piano cottura e macchina del caff\u00e8 espresso. Durante il soggiorno, saranno fornite alcune capsule di cortesia per la preparazione del caff\u00e8, garantendo agli ospiti un piacevole momento di relax.<\/p>\n\n\n\n<p class=\"has-text-color\" style=\"color:#000000;font-size:clamp(14px, 0.875rem + ((1vw - 3.2px) * 0.341), 17px);\">La zona notte \u00e8 composta da due camere da letto, una con letto matrimoniale e l&#8217;altra con letto singolo che si trasforma in letto matrimoniale semplicemente tirando verso di s\u00e9 le maniglie dei cassetti contenitori. Ovviamente \u00e8 presente un armadio per garantire spazio sufficiente per gli effetti personali degli ospiti. Il bagno \u00e8 dotato di sanitari completi e box doccia.<\/p>\n<\/div>\n\n\n\n<div class=\"wp-block-column is-layout-flow wp-block-column-is-layout-flow\" style=\"flex-basis:33.62%\">\n<figure class=\"wp-block-image size-large\"><img loading=\"lazy\" decoding=\"async\" width=\"1024\" height=\"768\" src=\"http:\/\/borgorattiapartment.it\/wp-content\/uploads\/2024\/10\/IMG_2785-1024x768.jpg\" alt=\"\" class=\"wp-image-41\" style=\"aspect-ratio:3\/4;object-fit:cover\" srcset=\"https:\/\/borgorattiapartment.it\/wp-content\/uploads\/2024\/10\/IMG_2785-1024x768.jpg 1024w, https:\/\/borgorattiapartment.it\/wp-content\/uploads\/2024\/10\/IMG_2785-300x225.jpg 300w, https:\/\/borgorattiapartment.it\/wp-content\/uploads\/2024\/10\/IMG_2785-768x576.jpg 768w, https:\/\/borgorattiapartment.it\/wp-content\/uploads\/2024\/10\/IMG_2785-1536x1152.jpg 1536w, https:\/\/borgorattiapartment.it\/wp-content\/uploads\/2024\/10\/IMG_2785-2048x1536.jpg 2048w\" sizes=\"auto, (max-width: 1024px) 100vw, 1024px\" \/><\/figure>\n<\/div>\n\n\n\n<div class=\"wp-block-column is-layout-flow wp-block-column-is-layout-flow\">\n<figure class=\"wp-block-image size-large is-resized\"><img loading=\"lazy\" decoding=\"async\" width=\"1024\" height=\"768\" src=\"http:\/\/borgorattiapartment.it\/wp-content\/uploads\/2024\/10\/IMG_2791-1024x768.jpg\" alt=\"\" class=\"wp-image-46\" style=\"aspect-ratio:0.75;object-fit:cover;width:352px;height:auto\" srcset=\"https:\/\/borgorattiapartment.it\/wp-content\/uploads\/2024\/10\/IMG_2791-1024x768.jpg 1024w, https:\/\/borgorattiapartment.it\/wp-content\/uploads\/2024\/10\/IMG_2791-300x225.jpg 300w, https:\/\/borgorattiapartment.it\/wp-content\/uploads\/2024\/10\/IMG_2791-768x576.jpg 768w, https:\/\/borgorattiapartment.it\/wp-content\/uploads\/2024\/10\/IMG_2791-1536x1152.jpg 1536w, https:\/\/borgorattiapartment.it\/wp-content\/uploads\/2024\/10\/IMG_2791-2048x1536.jpg 2048w\" sizes=\"auto, (max-width: 1024px) 100vw, 1024px\" \/><\/figure>\n<\/div>\n<\/div>\n\n\n\n<div class=\"wp-block-columns alignwide is-layout-flex wp-container-core-columns-is-layout-c24efe4f wp-block-columns-is-layout-flex\">\n<div class=\"wp-block-column is-layout-flow wp-block-column-is-layout-flow\" style=\"flex-basis:69%\">\n<figure class=\"wp-block-image size-large\"><img loading=\"lazy\" decoding=\"async\" width=\"1024\" height=\"768\" src=\"http:\/\/borgorattiapartment.it\/wp-content\/uploads\/2024\/10\/IMG_2792-2-1024x768.jpg\" alt=\"\" class=\"wp-image-47\" srcset=\"https:\/\/borgorattiapartment.it\/wp-content\/uploads\/2024\/10\/IMG_2792-2-1024x768.jpg 1024w, https:\/\/borgorattiapartment.it\/wp-content\/uploads\/2024\/10\/IMG_2792-2-300x225.jpg 300w, https:\/\/borgorattiapartment.it\/wp-content\/uploads\/2024\/10\/IMG_2792-2-768x576.jpg 768w, https:\/\/borgorattiapartment.it\/wp-content\/uploads\/2024\/10\/IMG_2792-2-1536x1152.jpg 1536w, https:\/\/borgorattiapartment.it\/wp-content\/uploads\/2024\/10\/IMG_2792-2-2048x1536.jpg 2048w\" sizes=\"auto, (max-width: 1024px) 100vw, 1024px\" \/><\/figure>\n<\/div>\n\n\n\n<div class=\"wp-block-column is-vertically-aligned-center is-layout-flow wp-block-column-is-layout-flow\" style=\"flex-basis:33%\">\n<div style=\"height:2vw\" aria-hidden=\"true\" class=\"wp-block-spacer\"><\/div>\n\n\n\n<p class=\"has-text-color\" style=\"color:#000000;font-size:clamp(14px, 0.875rem + ((1vw - 3.2px) * 0.341), 17px);\">Uscendo dalla porta finestra del soggiorno, gli ospiti avranno accesso a un giardino esterno privato di propriet\u00e0 della casa, pensato per offrire un luogo ideale per godere della tranquillit\u00e0 circostante. Durante il soggiorno, verr\u00e0 messo a disposizione un set di asciugamani per persona di varie dimensioni, insieme a lenzuola, coperte e piumone, assicurando che ogni dettaglio sia curato per rendere il soggiorno perfetto. Inoltre, offriremo gratuitamente agli ospiti una connessione WiFi, garantendo un facile accesso alla rete per le esigenze di connessione durante la permanenza.<\/p>\n<\/div>\n<\/div>\n<\/div>\n<\/div>\n\n\n\n<figure class=\"wp-block-gallery alignwide has-nested-images columns-default is-cropped wp-block-gallery-2 is-layout-flex wp-block-gallery-is-layout-flex\">\n<figure class=\"wp-block-image size-large\"><img loading=\"lazy\" decoding=\"async\" width=\"1024\" height=\"768\" data-id=\"49\" src=\"http:\/\/borgorattiapartment.it\/wp-content\/uploads\/2024\/10\/IMG_2793-2-1024x768.jpg\" alt=\"\" class=\"wp-image-49\" srcset=\"https:\/\/borgorattiapartment.it\/wp-content\/uploads\/2024\/10\/IMG_2793-2-1024x768.jpg 1024w, https:\/\/borgorattiapartment.it\/wp-content\/uploads\/2024\/10\/IMG_2793-2-300x225.jpg 300w, https:\/\/borgorattiapartment.it\/wp-content\/uploads\/2024\/10\/IMG_2793-2-768x576.jpg 768w, https:\/\/borgorattiapartment.it\/wp-content\/uploads\/2024\/10\/IMG_2793-2-1536x1152.jpg 1536w, https:\/\/borgorattiapartment.it\/wp-content\/uploads\/2024\/10\/IMG_2793-2-2048x1536.jpg 2048w\" sizes=\"auto, (max-width: 1024px) 100vw, 1024px\" \/><\/figure>\n\n\n\n<figure class=\"wp-block-image size-large\"><img loading=\"lazy\" decoding=\"async\" width=\"1024\" height=\"768\" data-id=\"50\" src=\"http:\/\/borgorattiapartment.it\/wp-content\/uploads\/2024\/10\/IMG_2794-2-1024x768.jpg\" alt=\"\" class=\"wp-image-50\" srcset=\"https:\/\/borgorattiapartment.it\/wp-content\/uploads\/2024\/10\/IMG_2794-2-1024x768.jpg 1024w, https:\/\/borgorattiapartment.it\/wp-content\/uploads\/2024\/10\/IMG_2794-2-300x225.jpg 300w, https:\/\/borgorattiapartment.it\/wp-content\/uploads\/2024\/10\/IMG_2794-2-768x576.jpg 768w, https:\/\/borgorattiapartment.it\/wp-content\/uploads\/2024\/10\/IMG_2794-2-1536x1152.jpg 1536w, https:\/\/borgorattiapartment.it\/wp-content\/uploads\/2024\/10\/IMG_2794-2-2048x1536.jpg 2048w\" sizes=\"auto, (max-width: 1024px) 100vw, 1024px\" \/><\/figure>\n<\/figure>\n<\/div>\n\n\n\n<div style=\"height:162px\" aria-hidden=\"true\" class=\"wp-block-spacer\"><\/div>\n\n\n\n<div class=\"wp-block-group alignfull has-background-color has-white-color has-black-background-color has-text-color has-background has-link-color wp-elements-eff033958224c19353019e6b3f78c9a8 is-vertical is-content-justification-stretch is-layout-flex wp-container-core-group-is-layout-b6f10aa5 wp-block-group-is-layout-flex\" style=\"min-height:45vh;margin-top:0;margin-bottom:-350px;padding-top:var(--wp--preset--spacing--30);padding-right:var(--wp--preset--spacing--40);padding-bottom:var(--wp--preset--spacing--80);padding-left:var(--wp--preset--spacing--40)\">\n<div class=\"wp-block-columns alignwide has-small-font-size is-layout-flex wp-container-core-columns-is-layout-1d7ec53f wp-block-columns-is-layout-flex\" style=\"margin-top:0;margin-bottom:-80px\">\n<div class=\"wp-block-column is-layout-flow wp-block-column-is-layout-flow\"><div class=\"is-default-size aligncenter wp-block-site-logo\"><a href=\"https:\/\/borgorattiapartment.it\/\" class=\"custom-logo-link\" rel=\"home\"><img loading=\"lazy\" decoding=\"async\" width=\"1000\" height=\"1000\" src=\"https:\/\/borgorattiapartment.it\/wp-content\/uploads\/2024\/10\/Logo-500x500-px.png\" class=\"custom-logo\" alt=\"\" srcset=\"https:\/\/borgorattiapartment.it\/wp-content\/uploads\/2024\/10\/Logo-500x500-px.png 1000w, https:\/\/borgorattiapartment.it\/wp-content\/uploads\/2024\/10\/Logo-500x500-px-300x300.png 300w, https:\/\/borgorattiapartment.it\/wp-content\/uploads\/2024\/10\/Logo-500x500-px-150x150.png 150w, https:\/\/borgorattiapartment.it\/wp-content\/uploads\/2024\/10\/Logo-500x500-px-768x768.png 768w\" sizes=\"auto, (max-width: 1000px) 100vw, 1000px\" \/><\/a><\/div>\n\n\n<p class=\"has-text-align-center\">Location<\/p>\n\n\n\n<p class=\"has-text-align-center\">Via Borgoratti 76, Genova, GE 16132<br>Italy<\/p>\n\n\n\n<p class=\"has-text-align-center\">info@borgorattiapartment.it<\/p>\n\n\n\n<div style=\"height:81px\" aria-hidden=\"true\" class=\"wp-block-spacer\"><\/div>\n<\/div>\n\n\n\n<div class=\"wp-block-column is-layout-flow wp-block-column-is-layout-flow\" style=\"padding-top:0;padding-bottom:0\">\n<p class=\"has-text-align-center\">Pages<\/p>\n\n\n<nav class=\"has-small-font-size items-justified-center is-vertical no-wrap wp-block-navigation is-content-justification-center is-nowrap is-layout-flex wp-container-core-navigation-is-layout-34a3ecb2 wp-block-navigation-is-layout-flex\" aria-label=\"Navigazione 2\"><ul class=\"wp-block-navigation__container has-small-font-size items-justified-center is-vertical no-wrap wp-block-navigation has-small-font-size\"><li class=\"has-small-font-size wp-block-navigation-item wp-block-navigation-link\"><a class=\"wp-block-navigation-item__content\"  href=\"https:\/\/borgorattiapartment.it\"><span class=\"wp-block-navigation-item__label\">Home<\/span><\/a><\/li><li class=\"has-small-font-size wp-block-navigation-item wp-block-navigation-link\"><a class=\"wp-block-navigation-item__content\"  href=\"https:\/\/borgorattiapartment.it\/?page_id=105\"><span class=\"wp-block-navigation-item__label\">Gallery<\/span><\/a><\/li><li class=\"has-small-font-size wp-block-navigation-item wp-block-navigation-link\"><a class=\"wp-block-navigation-item__content\"  href=\"https:\/\/borgorattiapartment.it\/?page_id=122\"><span class=\"wp-block-navigation-item__label\">Apartment<\/span><\/a><\/li><li class=\"has-small-font-size wp-block-navigation-item wp-block-navigation-link\"><a class=\"wp-block-navigation-item__content\"  href=\"https:\/\/borgorattiapartment.it\/?page_id=125\"><span class=\"wp-block-navigation-item__label\">Contact<\/span><\/a><\/li><\/ul>\n<div class=\"wp-block-buttons is-layout-flex wp-block-buttons-is-layout-flex\">\n<div class=\"wp-block-button is-style-fill\"><a class=\"wp-block-button__link has-base-color has-contrast-background-color has-text-color has-background has-link-color wp-element-button\" style=\"border-radius:33px\">BOOK<\/a><\/div>\n<\/div>\n<\/nav>\n\n\n<div style=\"height:24px\" aria-hidden=\"true\" class=\"wp-block-spacer\"><\/div>\n\n\n\n<p class=\"has-text-align-center\">CITRA: 010025-LT-4630 &#8211; CIN: IT010025C27W4TE9VF<\/p>\n\n\n\n<div style=\"height:0px\" aria-hidden=\"true\" class=\"wp-block-spacer\"><\/div>\n<\/div>\n<\/div>\n<\/div>\n","protected":false},"excerpt":{"rendered":"<p>Le caratteristiche dell&#8217;appartamento Borgoratti Apartment L\u2019appartamento si apre sulla zona giorno, arredata con un confortevole divano rivolto verso una parete su cui \u00e8 installata una smart TV HD. La TV offre accesso a servizi di streaming come Netflix, Prime Video, Disney Plus e altri. Accanto si trova un cucinino attrezzato con tutti i comfort, tra [&hellip;]<\/p>\n","protected":false},"author":1,"featured_media":0,"parent":0,"menu_order":0,"comment_status":"closed","ping_status":"closed","template":"blank","meta":{"_themeisle_gutenberg_block_has_review":false,"footnotes":""},"class_list":["post-122","page","type-page","status-publish","hentry"],"_links":{"self":[{"href":"https:\/\/borgorattiapartment.it\/index.php?rest_route=\/wp\/v2\/pages\/122","targetHints":{"allow":["GET"]}}],"collection":[{"href":"https:\/\/borgorattiapartment.it\/index.php?rest_route=\/wp\/v2\/pages"}],"about":[{"href":"https:\/\/borgorattiapartment.it\/index.php?rest_route=\/wp\/v2\/types\/page"}],"author":[{"embeddable":true,"href":"https:\/\/borgorattiapartment.it\/index.php?rest_route=\/wp\/v2\/users\/1"}],"replies":[{"embeddable":true,"href":"https:\/\/borgorattiapartment.it\/index.php?rest_route=%2Fwp%2Fv2%2Fcomments&post=122"}],"version-history":[{"count":11,"href":"https:\/\/borgorattiapartment.it\/index.php?rest_route=\/wp\/v2\/pages\/122\/revisions"}],"predecessor-version":[{"id":152,"href":"https:\/\/borgorattiapartment.it\/index.php?rest_route=\/wp\/v2\/pages\/122\/revisions\/152"}],"wp:attachment":[{"href":"https:\/\/borgorattiapartment.it\/index.php?rest_route=%2Fwp%2Fv2%2Fmedia&parent=122"}],"curies":[{"name":"wp","href":"https:\/\/api.w.org\/{rel}","templated":true}]}}